{"id":11,"date":"2024-11-28T17:17:42","date_gmt":"2024-11-28T17:17:42","guid":{"rendered":"https:\/\/ramida.ro\/?page_id=11"},"modified":"2024-11-28T20:43:01","modified_gmt":"2024-11-28T20:43:01","slug":"ramida","status":"publish","type":"page","link":"https:\/\/ramida.ro\/","title":{"rendered":"RAMIDA"},"content":{"rendered":"\t\t<div data-elementor-type=\"wp-page\" data-elementor-id=\"11\" class=\"elementor elementor-11\">\n\t\t\t\t<div data-wpr-sticky-section=\"yes\" data-wpr-position-type=\"sticky\" data-wpr-position-offset=\"0\" data-wpr-position-location=\"top\" data-wpr-sticky-devices=\"desktop_sticky\" data-wpr-custom-breakpoints=\"\" data-wpr-active-breakpoints=\"mobile_sticky tablet_sticky desktop_sticky\" data-wpr-z-index=\"10\" data-wpr-sticky-hide=\"\" data-wpr-replace-header=\"\" data-wpr-animation-duration=\"\" data-wpr-sticky-type=\"sticky\" class=\"elementor-element elementor-element-15aa31c wpr-sticky-section-yes e-flex e-con-boxed wpr-particle-no wpr-jarallax-no wpr-parallax-no e-con e-parent\" data-id=\"15aa31c\" data-element_type=\"container\" data-settings=\"{&quot;background_background&quot;:&quot;classic&quot;,&quot;position_offset&quot;:0,&quot;position_offset_tablet&quot;:0,&quot;position_offset_mobile&quot;:0}\">\n\t\t\t\t\t<div class=\"e-con-inner\">\n\t\t<div class=\"elementor-element elementor-element-5e811c8 e-con-full e-flex wpr-particle-no wpr-jarallax-no wpr-parallax-no wpr-sticky-section-no e-con e-child\" data-id=\"5e811c8\" data-element_type=\"container\">\n\t\t\t\t<div class=\"elementor-element elementor-element-6851964 wpr-logo-position-center elementor-widget elementor-widget-wpr-logo\" data-id=\"6851964\" data-element_type=\"widget\" data-widget_type=\"wpr-logo.default\">\n\t\t\t\t<div class=\"elementor-widget-container\">\n\t\t\t\t\n\t<div class=\"wpr-logo elementor-clearfix\">\n\n\t\t\t\t<picture class=\"wpr-logo-image\">\n\t\t\t\n\t\t\t\t\t\t<source srcset=\"https:\/\/ramida.ro\/wp-content\/uploads\/2024\/11\/logo.png 1x, https:\/\/ramida.ro\/wp-content\/uploads\/2024\/11\/logo.png 2x\">\t\n\t\t\t\t\t\t\n\t\t\t<img decoding=\"async\" src=\"https:\/\/ramida.ro\/wp-content\/uploads\/2024\/11\/logo.png\" alt=\"\">\n\n\t\t\t\t\t\t\t<a class=\"wpr-logo-url\" rel=\"home\" href=\"https:\/\/ramida.ro\/\"><\/a>\n\t\t\t\t\t<\/picture>\n\t\t\n\t\t\n\t\t\t\t\t<a class=\"wpr-logo-url\" rel=\"home\" href=\"https:\/\/ramida.ro\/\"><\/a>\n\t\t\n\t<\/div>\n\t\t\n\t\t<\/div>\n\t\t\t\t<\/div>\n\t\t\t\t<\/div>\n\t\t<div class=\"elementor-element elementor-element-b3f8ffa e-con-full e-flex wpr-particle-no wpr-jarallax-no wpr-parallax-no wpr-sticky-section-no e-con e-child\" data-id=\"b3f8ffa\" data-element_type=\"container\">\n\t\t\t\t<div class=\"elementor-element elementor-element-c2682ca wpr-main-menu-align-right wpr-main-menu-align--tabletleft wpr-main-menu-align--mobileleft wpr-pointer-underline wpr-pointer-line-fx wpr-pointer-fx-fade wpr-sub-icon-caret-down wpr-sub-menu-fx-fade wpr-nav-menu-bp-tablet wpr-mobile-menu-display-dropdown wpr-mobile-menu-full-width wpr-mobile-toggle-v1 wpr-sub-divider-yes wpr-mobile-divider-yes elementor-widget elementor-widget-wpr-mega-menu\" data-id=\"c2682ca\" data-element_type=\"widget\" id=\"acasa\" data-settings=\"{&quot;menu_layout&quot;:&quot;horizontal&quot;}\" data-widget_type=\"wpr-mega-menu.default\">\n\t\t\t\t<div class=\"elementor-widget-container\">\n\t\t\t<nav class=\"wpr-nav-menu-container wpr-mega-menu-container wpr-nav-menu-horizontal\" data-trigger=\"hover\"><ul id=\"menu-1-c2682ca\" class=\"wpr-nav-menu wpr-mega-menu\"><li class=\"menu-item menu-item-type-custom menu-item-object-custom menu-item-57\"><a href=\"#acasa\" class=\"wpr-menu-item wpr-pointer-item\"><span>Acasa<\/span><\/a><\/li>\n<li class=\"menu-item menu-item-type-custom menu-item-object-custom menu-item-58\"><a href=\"#despre\" class=\"wpr-menu-item wpr-pointer-item\"><span>Despre noi<\/span><\/a><\/li>\n<li class=\"menu-item menu-item-type-custom menu-item-object-custom menu-item-59\"><a href=\"#servicii\" class=\"wpr-menu-item wpr-pointer-item\"><span>Servicii<\/span><\/a><\/li>\n<li class=\"menu-item menu-item-type-custom menu-item-object-custom menu-item-60\"><a href=\"#contact\" class=\"wpr-menu-item wpr-pointer-item\"><span>Contact<\/span><\/a><\/li>\n<\/ul><\/nav><nav class=\"wpr-mobile-nav-menu-container\"><div class=\"wpr-mobile-toggle-wrap\"><div class=\"wpr-mobile-toggle\"><span class=\"wpr-mobile-toggle-line\"><\/span><span class=\"wpr-mobile-toggle-line\"><\/span><span class=\"wpr-mobile-toggle-line\"><\/span><\/div><\/div><div class=\"wpr-mobile-mega-menu-wrap \" toggle-backface=\"\"><ul id=\"mobile-menu-2-c2682ca\" class=\"wpr-mobile-nav-menu wpr-mobile-mega-menu\"><li class=\"menu-item menu-item-type-custom menu-item-object-custom menu-item-57\"><a href=\"#acasa\" class=\"wpr-mobile-menu-item\">Acasa<\/a><\/li>\n<li class=\"menu-item menu-item-type-custom menu-item-object-custom menu-item-58\"><a href=\"#despre\" class=\"wpr-mobile-menu-item\">Despre noi<\/a><\/li>\n<li class=\"menu-item menu-item-type-custom menu-item-object-custom menu-item-59\"><a href=\"#servicii\" class=\"wpr-mobile-menu-item\">Servicii<\/a><\/li>\n<li class=\"menu-item menu-item-type-custom menu-item-object-custom menu-item-60\"><a href=\"#contact\" class=\"wpr-mobile-menu-item\">Contact<\/a><\/li>\n<\/ul><\/div><\/nav>\t\t<\/div>\n\t\t\t\t<\/div>\n\t\t\t\t<\/div>\n\t\t\t\t\t<\/div>\n\t\t\t\t<\/div>\n\t\t<div class=\"wpr-jarallax elementor-element elementor-element-15250c9 e-con-full wpr-jarallax-yes e-flex wpr-particle-no wpr-parallax-no wpr-sticky-section-no e-con e-parent\" speed-data=\"1.4\" bg-image=\"https:\/\/ramida.ro\/wp-content\/uploads\/2024\/11\/multicolor_digital_art_3d_colo_1920x1080_artwallpaperhi.com_.jpg\" scroll-effect=\"scroll\" data-id=\"15250c9\" data-element_type=\"container\">\n\t\t\t\t<\/div>\n\t\t<div class=\"elementor-element elementor-element-3e17efc e-flex e-con-boxed wpr-particle-no wpr-jarallax-no wpr-parallax-no wpr-sticky-section-no e-con e-parent\" data-id=\"3e17efc\" data-element_type=\"container\" data-settings=\"{&quot;background_background&quot;:&quot;classic&quot;}\">\n\t\t\t\t\t<div class=\"e-con-inner\">\n\t\t\t\t<div class=\"elementor-element elementor-element-d436acd elementor-widget elementor-widget-text-editor\" data-id=\"d436acd\" data-element_type=\"widget\" id=\"despre\" data-widget_type=\"text-editor.default\">\n\t\t\t\t<div class=\"elementor-widget-container\">\n\t\t\t\t\t\t\t<h2>RAMIDA DIGITAL PRINT este o tipografie \u00eenfiin\u021bat\u0103 \u00een 2009, av\u00e2nd ca obiect de activitate realizarea de produse \u0219i servicii tipografice la un \u00eenalt standard calitativ.<\/h2>\n<h2>Folosind utilaje de ultim\u0103 genera\u021bie, ma\u0219in\u0103 de tipar offset \u0219i digital, materie prim\u0103 de cea mai bun\u0103 calitate \u0219i personal specializat, tipografia reu\u0219e\u0219te cu succes \u0219i profesionalism s\u0103 satisfac\u0103 exigen\u021bele clien\u021bilor.<\/h2>\n\t\t\t\t\t\t<\/div>\n\t\t\t\t<\/div>\n\t\t\t\t\t<\/div>\n\t\t\t\t<\/div>\n\t\t<div class=\"wpr-jarallax elementor-element elementor-element-c93f973 e-con-full wpr-jarallax-yes e-flex wpr-particle-no wpr-parallax-no wpr-sticky-section-no e-con e-parent\" speed-data=\"1.4\" bg-image=\"https:\/\/ramida.ro\/wp-content\/uploads\/2024\/11\/Heidelberg-Printmaster-31.jpg\" scroll-effect=\"scroll\" data-id=\"c93f973\" data-element_type=\"container\">\n\t\t<div class=\"wpr-jarallax elementor-element elementor-element-813d9cd e-con-full wpr-jarallax-yes e-flex wpr-particle-no wpr-parallax-no wpr-sticky-section-no e-con e-child\" speed-data=\"1.4\" bg-image=\"\" scroll-effect=\"scroll\" data-id=\"813d9cd\" data-element_type=\"container\">\n\t\t\t\t<\/div>\n\t\t\t\t<\/div>\n\t\t<div class=\"elementor-element elementor-element-b2c223e e-flex e-con-boxed wpr-particle-no wpr-jarallax-no wpr-parallax-no wpr-sticky-section-no e-con e-parent\" data-id=\"b2c223e\" data-element_type=\"container\" data-settings=\"{&quot;background_background&quot;:&quot;classic&quot;}\">\n\t\t\t\t\t<div class=\"e-con-inner\">\n\t\t\t\t<div class=\"elementor-element elementor-element-b86e4e5 elementor-widget elementor-widget-text-editor\" data-id=\"b86e4e5\" data-element_type=\"widget\" id=\"servicii\" data-widget_type=\"text-editor.default\">\n\t\t\t\t<div class=\"elementor-widget-container\">\n\t\t\t\t\t\t\t<h2>Propun\u00e2ndu-ne s\u0103 p\u0103str\u0103m standardul de calitate la cel mai \u00eenalt nivel, am creat aceast\u0103 tipografie ce v\u0103 ofer\u0103 o gam\u0103 complet\u0103 de produse pentru a r\u0103spunde optim cerin\u021belor dumneavoastr\u0103.<\/h2>\n\t\t\t\t\t\t<\/div>\n\t\t\t\t<\/div>\n\t\t\t\t\t<\/div>\n\t\t\t\t<\/div>\n\t\t<div class=\"elementor-element elementor-element-2663d2b e-flex e-con-boxed wpr-particle-no wpr-jarallax-no wpr-parallax-no wpr-sticky-section-no e-con e-parent\" data-id=\"2663d2b\" data-element_type=\"container\" id=\"contact\">\n\t\t\t\t\t<div class=\"e-con-inner\">\n\t\t<div class=\"elementor-element elementor-element-8724c82 e-con-full e-flex wpr-particle-no wpr-jarallax-no wpr-parallax-no wpr-sticky-section-no e-con e-child\" data-id=\"8724c82\" data-element_type=\"container\">\n\t\t\t\t<div class=\"elementor-element elementor-element-4897422 elementor-widget elementor-widget-text-editor\" data-id=\"4897422\" data-element_type=\"widget\" data-widget_type=\"text-editor.default\">\n\t\t\t\t<div class=\"elementor-widget-container\">\n\t\t\t\t\t\t\t<p><strong>S.C. Ramida Digital Print S.R.L.<\/strong> <br \/>Nr.reg.com.: J40\/7188\/2009<br \/>CUI: RO 25702396<br \/>Adresa:<a href=\"https:\/\/www.google.com\/maps?ll=44.409173,26.056535&amp;z=16&amp;t=m&amp;hl=ro&amp;gl=RO&amp;mapclient=embed&amp;q=Strada+Maior+Porumbaru+Ion+41+Bucure%C8%99ti+052034\"> Str. Maior Porumbaru nr. 41, Sector 5, Bucuresti<\/a> <br \/>Tel: <a href=\"tel:0726761282\">0726761282<\/a> <br \/>Email: office@ramida.ro<\/p>\t\t\t\t\t\t<\/div>\n\t\t\t\t<\/div>\n\t\t\t\t<\/div>\n\t\t<div class=\"elementor-element elementor-element-babe4c2 e-con-full e-flex wpr-particle-no wpr-jarallax-no wpr-parallax-no wpr-sticky-section-no e-con e-child\" data-id=\"babe4c2\" data-element_type=\"container\">\n\t\t\t\t<div class=\"elementor-element elementor-element-87789dd elementor-widget elementor-widget-html\" data-id=\"87789dd\" data-element_type=\"widget\" data-widget_type=\"html.default\">\n\t\t\t\t<div class=\"elementor-widget-container\">\n\t\t\t<iframe src=\"https:\/\/www.google.com\/maps\/embed?pb=!1m14!1m8!1m3!1d5700.338457613628!2d26.056535!3d44.409173!3m2!1i1024!2i768!4f13.1!3m3!1m2!1s0x40b1ff8f1ab371fd%3A0x9df3dcad9b7cec56!2sStrada%20Maior%20Porumbaru%20Ion%2041%2C%20Bucure%C8%99ti%20051084!5e0!3m2!1sro!2sro!4v1732815066485!5m2!1sro!2sro\" width=\"600\" height=\"450\" style=\"border:0;\" allowfullscreen=\"\" loading=\"lazy\" referrerpolicy=\"no-referrer-when-downgrade\"><\/iframe>\t\t<\/div>\n\t\t\t\t<\/div>\n\t\t\t\t<\/div>\n\t\t\t\t\t<\/div>\n\t\t\t\t<\/div>\n\t\t<div class=\"elementor-element elementor-element-83a4a3b e-flex e-con-boxed wpr-particle-no wpr-jarallax-no wpr-parallax-no wpr-sticky-section-no e-con e-parent\" data-id=\"83a4a3b\" data-element_type=\"container\">\n\t\t\t\t\t<div class=\"e-con-inner\">\n\t\t\t\t<div class=\"elementor-element elementor-element-37d7ae3 elementor-widget elementor-widget-html\" data-id=\"37d7ae3\" data-element_type=\"widget\" data-widget_type=\"html.default\">\n\t\t\t\t<div class=\"elementor-widget-container\">\n\t\t\t<div class=\"inomind\"><div class=\"logof\">\n                        <ul id=\"logof\">\n                            <li id=\"logof\">\n                                <a href=\"https:\/\/inomind.ro\/\" title=\"Inomind\"><\/a>\n                            <\/li><\/ul><\/div><\/div>\t\t<\/div>\n\t\t\t\t<\/div>\n\t\t\t\t\t<\/div>\n\t\t\t\t<\/div>\n\t\t\t\t<\/div>\n\t\t","protected":false},"excerpt":{"rendered":"<p>Acasa Despre noi Servicii Contact Acasa Despre noi Servicii Contact RAMIDA DIGITAL PRINT este o tipografie \u00eenfiin\u021bat\u0103 \u00een 2009, av\u00e2nd ca obiect de activitate realizarea de produse \u0219i servicii tipografice la un \u00eenalt standard calitativ. Folosind utilaje de ultim\u0103 genera\u021bie, ma\u0219in\u0103 de tipar offset \u0219i digital, materie prim\u0103 de cea mai bun\u0103 calitate \u0219i personal specializat, tipografia reu\u0219e\u0219te cu succes \u0219i profesionalism s\u0103 satisfac\u0103 exigen\u021bele clien\u021bilor. Propun\u00e2ndu-ne s\u0103 p\u0103str\u0103m standardul de calitate la cel mai \u00eenalt nivel, am creat aceast\u0103 tipografie ce v\u0103 ofer\u0103 o gam\u0103 complet\u0103 de produse pentru a r\u0103spunde optim cerin\u021belor dumneavoastr\u0103. S.C. Ramida Digital Print S.R.L. Nr.reg.com.: J40\/7188\/2009CUI: RO 25702396Adresa: Str. Maior Porumbaru nr. 41, Sector 5, Bucuresti Tel: 0726761282 Email: office@ramida.ro<\/p>\n","protected":false},"author":1,"featured_media":0,"parent":0,"menu_order":0,"comment_status":"closed","ping_status":"closed","template":"elementor_canvas","meta":{"footnotes":""},"class_list":["post-11","page","type-page","status-publish","hentry"],"_links":{"self":[{"href":"https:\/\/ramida.ro\/index.php\/wp-json\/wp\/v2\/pages\/11","targetHints":{"allow":["GET"]}}],"collection":[{"href":"https:\/\/ramida.ro\/index.php\/wp-json\/wp\/v2\/pages"}],"about":[{"href":"https:\/\/ramida.ro\/index.php\/wp-json\/wp\/v2\/types\/page"}],"author":[{"embeddable":true,"href":"https:\/\/ramida.ro\/index.php\/wp-json\/wp\/v2\/users\/1"}],"replies":[{"embeddable":true,"href":"https:\/\/ramida.ro\/index.php\/wp-json\/wp\/v2\/comments?post=11"}],"version-history":[{"count":91,"href":"https:\/\/ramida.ro\/index.php\/wp-json\/wp\/v2\/pages\/11\/revisions"}],"predecessor-version":[{"id":111,"href":"https:\/\/ramida.ro\/index.php\/wp-json\/wp\/v2\/pages\/11\/revisions\/111"}],"wp:attachment":[{"href":"https:\/\/ramida.ro\/index.php\/wp-json\/wp\/v2\/media?parent=11"}],"curies":[{"name":"wp","href":"https:\/\/api.w.org\/{rel}","templated":true}]}}